{"id":897,"date":"2021-08-18T20:45:39","date_gmt":"2021-08-18T18:45:39","guid":{"rendered":"http:\/\/yogart-untempspoursoi.com\/?page_id=897"},"modified":"2022-09-06T00:02:12","modified_gmt":"2022-09-05T22:02:12","slug":"emploi-du-temps-3","status":"publish","type":"page","link":"https:\/\/yogart-untempspoursoi.com\/index.php\/emploi-du-temps-3\/","title":{"rendered":"Emploi du temps"},"content":{"rendered":"\t\t<div data-elementor-type=\"wp-page\" data-elementor-id=\"897\" class=\"elementor elementor-897\" data-elementor-settings=\"[]\">\n\t\t\t\t\t\t\t<div class=\"elementor-section-wrap\">\n\t\t\t\t\t\t\t<section class=\"elementor-section elementor-top-section elementor-element elementor-element-2610df04 elementor-section-boxed elementor-section-height-default elementor-section-height-default\" data-id=\"2610df04\" data-element_type=\"section\" data-settings=\"{&quot;background_background&quot;:&quot;classic&quot;,&quot;shape_divider_bottom&quot;:&quot;mountains&quot;}\">\n\t\t\t\t\t\t\t<div class=\"elementor-background-overlay\"><\/div>\n\t\t\t\t\t\t<div class=\"elementor-shape elementor-shape-bottom\" data-negative=\"false\">\n\t\t\t<svg xmlns=\"http:\/\/www.w3.org\/2000\/svg\" viewBox=\"0 0 1000 100\" preserveAspectRatio=\"none\">\n\t<path class=\"elementor-shape-fill\" opacity=\"0.33\" d=\"M473,67.3c-203.9,88.3-263.1-34-320.3,0C66,119.1,0,59.7,0,59.7V0h1000v59.7 c0,0-62.1,26.1-94.9,29.3c-32.8,3.3-62.8-12.3-75.8-22.1C806,49.6,745.3,8.7,694.9,4.7S492.4,59,473,67.3z\"\/>\n\t<path class=\"elementor-shape-fill\" opacity=\"0.66\" d=\"M734,67.3c-45.5,0-77.2-23.2-129.1-39.1c-28.6-8.7-150.3-10.1-254,39.1 s-91.7-34.4-149.2,0C115.7,118.3,0,39.8,0,39.8V0h1000v36.5c0,0-28.2-18.5-92.1-18.5C810.2,18.1,775.7,67.3,734,67.3z\"\/>\n\t<path class=\"elementor-shape-fill\" d=\"M766.1,28.9c-200-57.5-266,65.5-395.1,19.5C242,1.8,242,5.4,184.8,20.6C128,35.8,132.3,44.9,89.9,52.5C28.6,63.7,0,0,0,0 h1000c0,0-9.9,40.9-83.6,48.1S829.6,47,766.1,28.9z\"\/>\n<\/svg>\t\t<\/div>\n\t\t\t\t\t<div class=\"elementor-container elementor-column-gap-default\">\n\t\t\t\t\t<div class=\"elementor-column elementor-col-100 elementor-top-column elementor-element elementor-element-97819a0\" data-id=\"97819a0\" data-element_type=\"column\">\n\t\t\t<div class=\"elementor-widget-wrap elementor-element-populated\">\n\t\t\t\t\t\t\t\t<div class=\"elementor-element elementor-element-6cad678b elementor-widget elementor-widget-heading\" data-id=\"6cad678b\" data-element_type=\"widget\" data-widget_type=\"heading.default\">\n\t\t\t\t<div class=\"elementor-widget-container\">\n\t\t\t<h1 class=\"elementor-heading-title elementor-size-default\">Emploi du temps<\/h1>\t\t<\/div>\n\t\t\t\t<\/div>\n\t\t\t\t\t<\/div>\n\t\t<\/div>\n\t\t\t\t\t\t\t<\/div>\n\t\t<\/section>\n\t\t\t\t<section class=\"elementor-section elementor-top-section elementor-element elementor-element-cf90795 elementor-section-boxed elementor-section-height-default elementor-section-height-default\" data-id=\"cf90795\" data-element_type=\"section\">\n\t\t\t\t\t\t<div class=\"elementor-container elementor-column-gap-default\">\n\t\t\t\t\t<div class=\"elementor-column elementor-col-100 elementor-top-column elementor-element elementor-element-458c91c\" data-id=\"458c91c\" data-element_type=\"column\">\n\t\t\t<div class=\"elementor-widget-wrap elementor-element-populated\">\n\t\t\t\t\t\t\t\t<div class=\"elementor-element elementor-element-da2d58a elementor-widget elementor-widget-text-editor\" data-id=\"da2d58a\" data-element_type=\"widget\" data-widget_type=\"text-editor.default\">\n\t\t\t\t<div class=\"elementor-widget-container\">\n\t\t\t\t\t\t\t\t\t\t\t\t\t<\/div>\n\t\t\t\t<\/div>\n\t\t\t\t<div class=\"elementor-element elementor-element-fed01d7 elementor-widget elementor-widget-text-editor\" data-id=\"fed01d7\" data-element_type=\"widget\" data-widget_type=\"text-editor.default\">\n\t\t\t\t<div class=\"elementor-widget-container\">\n\t\t\t\t\t\t\t<p>Retour sur ce qu&rsquo;est la <b><a href=\"https:\/\/yogart-untempspoursoi.com\/index.php\/methode-perinee-mouvement\/\">M\u00e9thode P\u00e9rin\u00e9e et Mouvement.<\/a><br \/><\/b><\/p><p><b>1er cycle de 10 s\u00e9ances 1h en groupe hors vacances scolaires les jeudis de 18h15 \u00e0 19h30 \u00e0 partir du 29 septembre 2022.<br \/><\/b><\/p><p><b>2\u00e8me cycle de 10 s\u00e9ances 1h en groupe hors vacances scolaires les mercredis de 19h45 \u00e0 21h \u00e0 partir du 4 janvier 2023<br \/><\/b><\/p><p>Pour toute inscription aux activit\u00e9s et s\u00e9ance individuelle, les informations pr\u00e9cises vous seront transmises avec votre inscription.<\/p><p>Pr\u00e9sentation du site \u00e0 venir.<\/p><ul><li style=\"list-style-type: none;\"><ul><li><strong>S\u00e9ances individuelles aussi les jeudis en journ\u00e9e.<\/strong><\/li><\/ul><\/li><\/ul>\t\t\t\t\t\t<\/div>\n\t\t\t\t<\/div>\n\t\t\t\t\t<\/div>\n\t\t<\/div>\n\t\t\t\t\t\t\t<\/div>\n\t\t<\/section>\n\t\t\t\t<section class=\"elementor-section elementor-top-section elementor-element elementor-element-a59322b elementor-section-boxed elementor-section-height-default elementor-section-height-default\" data-id=\"a59322b\" data-element_type=\"section\">\n\t\t\t\t\t\t<div class=\"elementor-container elementor-column-gap-default\">\n\t\t\t\t\t<div class=\"elementor-column elementor-col-100 elementor-top-column elementor-element elementor-element-b989cce\" data-id=\"b989cce\" data-element_type=\"column\">\n\t\t\t<div class=\"elementor-widget-wrap elementor-element-populated\">\n\t\t\t\t\t\t\t\t<div class=\"elementor-element elementor-element-a826603 elementor-widget elementor-widget-spacer\" data-id=\"a826603\" data-element_type=\"widget\" data-widget_type=\"spacer.default\">\n\t\t\t\t<div class=\"elementor-widget-container\">\n\t\t\t\t\t<div class=\"elementor-spacer\">\n\t\t\t<div class=\"elementor-spacer-inner\"><\/div>\n\t\t<\/div>\n\t\t\t\t<\/div>\n\t\t\t\t<\/div>\n\t\t\t\t\t<\/div>\n\t\t<\/div>\n\t\t\t\t\t\t\t<\/div>\n\t\t<\/section>\n\t\t\t\t<section class=\"elementor-section elementor-top-section elementor-element elementor-element-e2f3e53 elementor-section-boxed elementor-section-height-default elementor-section-height-default\" data-id=\"e2f3e53\" data-element_type=\"section\">\n\t\t\t\t\t\t<div class=\"elementor-container elementor-column-gap-default\">\n\t\t\t\t\t<div class=\"elementor-column elementor-col-33 elementor-top-column elementor-element elementor-element-c59c2a6\" data-id=\"c59c2a6\" data-element_type=\"column\">\n\t\t\t<div class=\"elementor-widget-wrap elementor-element-populated\">\n\t\t\t\t\t\t\t\t<div class=\"elementor-element elementor-element-114b050 elementor-align-center elementor-widget elementor-widget-button\" data-id=\"114b050\" data-element_type=\"widget\" data-widget_type=\"button.default\">\n\t\t\t\t<div class=\"elementor-widget-container\">\n\t\t\t\t\t<div class=\"elementor-button-wrapper\">\n\t\t\t<a href=\"https:\/\/calendly.com\/mariola-un-temps-pour-soi\/individuel-60min\" target=\"_blank\" class=\"elementor-button-link elementor-button elementor-size-sm\" role=\"button\">\n\t\t\t\t\t\t<span class=\"elementor-button-content-wrapper\">\n\t\t\t\t\t\t<span class=\"elementor-button-text\">S\u00e9ances individuelles<\/span>\n\t\t<\/span>\n\t\t\t\t\t<\/a>\n\t\t<\/div>\n\t\t\t\t<\/div>\n\t\t\t\t<\/div>\n\t\t\t\t\t<\/div>\n\t\t<\/div>\n\t\t\t\t<div class=\"elementor-column elementor-col-33 elementor-top-column elementor-element elementor-element-d84999e\" data-id=\"d84999e\" data-element_type=\"column\">\n\t\t\t<div class=\"elementor-widget-wrap elementor-element-populated\">\n\t\t\t\t\t\t\t\t<div class=\"elementor-element elementor-element-8d85f76 elementor-align-center elementor-widget elementor-widget-button\" data-id=\"8d85f76\" data-element_type=\"widget\" data-widget_type=\"button.default\">\n\t\t\t\t<div class=\"elementor-widget-container\">\n\t\t\t\t\t<div class=\"elementor-button-wrapper\">\n\t\t\t<a href=\"https:\/\/calendly.com\/mariola-un-temps-pour-soi\/decouverte-perinee-et-mouvement\" target=\"_blank\" class=\"elementor-button-link elementor-button elementor-size-sm\" role=\"button\">\n\t\t\t\t\t\t<span class=\"elementor-button-content-wrapper\">\n\t\t\t\t\t\t<span class=\"elementor-button-text\">Atelier d\u00e9couverte<\/span>\n\t\t<\/span>\n\t\t\t\t\t<\/a>\n\t\t<\/div>\n\t\t\t\t<\/div>\n\t\t\t\t<\/div>\n\t\t\t\t\t<\/div>\n\t\t<\/div>\n\t\t\t\t<div class=\"elementor-column elementor-col-33 elementor-top-column elementor-element elementor-element-6fd7537\" data-id=\"6fd7537\" data-element_type=\"column\">\n\t\t\t<div class=\"elementor-widget-wrap elementor-element-populated\">\n\t\t\t\t\t\t\t\t<div class=\"elementor-element elementor-element-e3355ea elementor-align-center elementor-widget elementor-widget-button\" data-id=\"e3355ea\" data-element_type=\"widget\" data-widget_type=\"button.default\">\n\t\t\t\t<div class=\"elementor-widget-container\">\n\t\t\t\t\t<div class=\"elementor-button-wrapper\">\n\t\t\t<a href=\"https:\/\/yogart-untempspoursoi.com\/index.php\/tarifs\/\" target=\"_blank\" class=\"elementor-button-link elementor-button elementor-size-sm\" role=\"button\">\n\t\t\t\t\t\t<span class=\"elementor-button-content-wrapper\">\n\t\t\t\t\t\t<span class=\"elementor-button-text\">Nouveau cycle<\/span>\n\t\t<\/span>\n\t\t\t\t\t<\/a>\n\t\t<\/div>\n\t\t\t\t<\/div>\n\t\t\t\t<\/div>\n\t\t\t\t\t<\/div>\n\t\t<\/div>\n\t\t\t\t\t\t\t<\/div>\n\t\t<\/section>\n\t\t\t\t<section class=\"elementor-section elementor-top-section elementor-element elementor-element-376f898 elementor-section-boxed elementor-section-height-default elementor-section-height-default\" data-id=\"376f898\" data-element_type=\"section\">\n\t\t\t\t\t\t<div class=\"elementor-container elementor-column-gap-default\">\n\t\t\t\t\t<div class=\"elementor-column elementor-col-100 elementor-top-column elementor-element elementor-element-d6e91ea\" data-id=\"d6e91ea\" data-element_type=\"column\">\n\t\t\t<div class=\"elementor-widget-wrap elementor-element-populated\">\n\t\t\t\t\t\t\t\t<div class=\"elementor-element elementor-element-e6e98b2 elementor-widget elementor-widget-spacer\" data-id=\"e6e98b2\" data-element_type=\"widget\" data-widget_type=\"spacer.default\">\n\t\t\t\t<div class=\"elementor-widget-container\">\n\t\t\t\t\t<div class=\"elementor-spacer\">\n\t\t\t<div class=\"elementor-spacer-inner\"><\/div>\n\t\t<\/div>\n\t\t\t\t<\/div>\n\t\t\t\t<\/div>\n\t\t\t\t\t<\/div>\n\t\t<\/div>\n\t\t\t\t\t\t\t<\/div>\n\t\t<\/section>\n\t\t\t\t<section class=\"elementor-section elementor-top-section elementor-element elementor-element-01052bc elementor-section-boxed elementor-section-height-default elementor-section-height-default\" data-id=\"01052bc\" data-element_type=\"section\">\n\t\t\t\t\t\t<div class=\"elementor-container elementor-column-gap-default\">\n\t\t\t\t\t<div class=\"elementor-column elementor-col-100 elementor-top-column elementor-element elementor-element-9954f5d\" data-id=\"9954f5d\" data-element_type=\"column\">\n\t\t\t<div class=\"elementor-widget-wrap elementor-element-populated\">\n\t\t\t\t\t\t\t\t<div class=\"elementor-element elementor-element-6d38500 elementor-widget elementor-widget-spacer\" data-id=\"6d38500\" data-element_type=\"widget\" data-widget_type=\"spacer.default\">\n\t\t\t\t<div class=\"elementor-widget-container\">\n\t\t\t\t\t<div class=\"elementor-spacer\">\n\t\t\t<div class=\"elementor-spacer-inner\"><\/div>\n\t\t<\/div>\n\t\t\t\t<\/div>\n\t\t\t\t<\/div>\n\t\t\t\t\t<\/div>\n\t\t<\/div>\n\t\t\t\t\t\t\t<\/div>\n\t\t<\/section>\n\t\t\t\t<section class=\"elementor-section elementor-top-section elementor-element elementor-element-27eca0b elementor-section-content-middle elementor-section-boxed elementor-section-height-default elementor-section-height-default\" data-id=\"27eca0b\" data-element_type=\"section\" data-settings=\"{&quot;background_background&quot;:&quot;classic&quot;,&quot;shape_divider_top&quot;:&quot;mountains&quot;}\">\n\t\t\t\t\t\t\t<div class=\"elementor-background-overlay\"><\/div>\n\t\t\t\t\t\t<div class=\"elementor-shape elementor-shape-top\" data-negative=\"false\">\n\t\t\t<svg xmlns=\"http:\/\/www.w3.org\/2000\/svg\" viewBox=\"0 0 1000 100\" preserveAspectRatio=\"none\">\n\t<path class=\"elementor-shape-fill\" opacity=\"0.33\" d=\"M473,67.3c-203.9,88.3-263.1-34-320.3,0C66,119.1,0,59.7,0,59.7V0h1000v59.7 c0,0-62.1,26.1-94.9,29.3c-32.8,3.3-62.8-12.3-75.8-22.1C806,49.6,745.3,8.7,694.9,4.7S492.4,59,473,67.3z\"\/>\n\t<path class=\"elementor-shape-fill\" opacity=\"0.66\" d=\"M734,67.3c-45.5,0-77.2-23.2-129.1-39.1c-28.6-8.7-150.3-10.1-254,39.1 s-91.7-34.4-149.2,0C115.7,118.3,0,39.8,0,39.8V0h1000v36.5c0,0-28.2-18.5-92.1-18.5C810.2,18.1,775.7,67.3,734,67.3z\"\/>\n\t<path class=\"elementor-shape-fill\" d=\"M766.1,28.9c-200-57.5-266,65.5-395.1,19.5C242,1.8,242,5.4,184.8,20.6C128,35.8,132.3,44.9,89.9,52.5C28.6,63.7,0,0,0,0 h1000c0,0-9.9,40.9-83.6,48.1S829.6,47,766.1,28.9z\"\/>\n<\/svg>\t\t<\/div>\n\t\t\t\t\t<div class=\"elementor-container elementor-column-gap-default\">\n\t\t\t\t\t<div class=\"elementor-column elementor-col-50 elementor-top-column elementor-element elementor-element-8a83ae0\" data-id=\"8a83ae0\" data-element_type=\"column\">\n\t\t\t<div class=\"elementor-widget-wrap elementor-element-populated\">\n\t\t\t\t\t\t\t\t<div class=\"elementor-element elementor-element-38e6b4a elementor-widget elementor-widget-heading\" data-id=\"38e6b4a\" data-element_type=\"widget\" data-widget_type=\"heading.default\">\n\t\t\t\t<div class=\"elementor-widget-container\">\n\t\t\t<h2 class=\"elementor-heading-title elementor-size-large\">Contact<\/h2>\t\t<\/div>\n\t\t\t\t<\/div>\n\t\t\t\t<div class=\"elementor-element elementor-element-66bb1e7c elementor-widget-divider--view-line elementor-widget elementor-widget-divider\" data-id=\"66bb1e7c\" data-element_type=\"widget\" data-widget_type=\"divider.default\">\n\t\t\t\t<div class=\"elementor-widget-container\">\n\t\t\t\t\t<div class=\"elementor-divider\">\n\t\t\t<span class=\"elementor-divider-separator\">\n\t\t\t\t\t\t<\/span>\n\t\t<\/div>\n\t\t\t\t<\/div>\n\t\t\t\t<\/div>\n\t\t\t\t<div class=\"elementor-element elementor-element-1f58ee0c elementor-list-item-link-full_width elementor-widget elementor-widget-icon-list\" data-id=\"1f58ee0c\" data-element_type=\"widget\" data-widget_type=\"icon-list.default\">\n\t\t\t\t<div class=\"elementor-widget-container\">\n\t\t\t\t\t<ul class=\"elementor-icon-list-items\">\n\t\t\t\t\t\t\t<li class=\"elementor-icon-list-item\">\n\t\t\t\t\t\t\t\t\t\t\t<span class=\"elementor-icon-list-icon\">\n\t\t\t\t\t\t\t<i aria-hidden=\"true\" class=\"fas fa-envelope-square\"><\/i>\t\t\t\t\t\t<\/span>\n\t\t\t\t\t\t\t\t\t\t<span class=\"elementor-icon-list-text\"> un.temps.pour.soi.38000@gmail.com<\/span>\n\t\t\t\t\t\t\t\t\t<\/li>\n\t\t\t\t\t\t\t\t<li class=\"elementor-icon-list-item\">\n\t\t\t\t\t\t\t\t\t\t\t<span class=\"elementor-icon-list-icon\">\n\t\t\t\t\t\t\t<i aria-hidden=\"true\" class=\"fas fa-phone-alt\"><\/i>\t\t\t\t\t\t<\/span>\n\t\t\t\t\t\t\t\t\t\t<span class=\"elementor-icon-list-text\">06 68 77 19 61<\/span>\n\t\t\t\t\t\t\t\t\t<\/li>\n\t\t\t\t\t\t\t\t<li class=\"elementor-icon-list-item\">\n\t\t\t\t\t\t\t\t\t\t\t<a href=\"https:\/\/www.facebook.com\/MariolaYogArtGrenoble\" target=\"_blank\">\n\n\t\t\t\t\t\t\t\t\t\t\t\t<span class=\"elementor-icon-list-icon\">\n\t\t\t\t\t\t\t<i aria-hidden=\"true\" class=\"fab fa-facebook-f\"><\/i>\t\t\t\t\t\t<\/span>\n\t\t\t\t\t\t\t\t\t\t<span class=\"elementor-icon-list-text\">Un Temps Pour Soi - Yog'Art Grenoble<\/span>\n\t\t\t\t\t\t\t\t\t\t\t<\/a>\n\t\t\t\t\t\t\t\t\t<\/li>\n\t\t\t\t\t\t<\/ul>\n\t\t\t\t<\/div>\n\t\t\t\t<\/div>\n\t\t\t\t\t<\/div>\n\t\t<\/div>\n\t\t\t\t<div class=\"elementor-column elementor-col-50 elementor-top-column elementor-element elementor-element-2d38bd5f\" data-id=\"2d38bd5f\" data-element_type=\"column\">\n\t\t\t<div class=\"elementor-widget-wrap elementor-element-populated\">\n\t\t\t\t\t\t\t\t<div class=\"elementor-element elementor-element-1431e417 elementor-widget elementor-widget-google_maps\" data-id=\"1431e417\" data-element_type=\"widget\" data-widget_type=\"google_maps.default\">\n\t\t\t\t<div class=\"elementor-widget-container\">\n\t\t\t\t\t<div class=\"elementor-custom-embed\">\n\t\t\t<iframe frameborder=\"0\" scrolling=\"no\" marginheight=\"0\" marginwidth=\"0\"\n\t\t\t\t\tsrc=\"https:\/\/maps.google.com\/maps?q=2%20rue%20Lavoisier%20Grenoble&#038;t=m&#038;z=12&#038;output=embed&#038;iwloc=near\"\n\t\t\t\t\ttitle=\"2 rue Lavoisier Grenoble\"\n\t\t\t\t\taria-label=\"2 rue Lavoisier Grenoble\"\n\t\t\t><\/iframe>\n\t\t<\/div>\n\t\t\t\t<\/div>\n\t\t\t\t<\/div>\n\t\t\t\t\t<\/div>\n\t\t<\/div>\n\t\t\t\t\t\t\t<\/div>\n\t\t<\/section>\n\t\t\t\t\t\t<\/div>\n\t\t\t\t\t<\/div>\n\t\t","protected":false},"excerpt":{"rendered":"<p>Emploi du temps Retour sur ce qu&rsquo;est la M\u00e9thode P\u00e9rin\u00e9e et Mouvement. 1er cycle de 10 s\u00e9ances 1h en groupe hors vacances scolaires les jeudis de 18h15 \u00e0 19h30 \u00e0 partir du 29 septembre 2022. 2\u00e8me cycle de 10 s\u00e9ances 1h en groupe hors vacances scolaires les mercredis de 19h45 \u00e0 21h \u00e0 partir du&#8230;<\/p>\n","protected":false},"author":3,"featured_media":0,"parent":0,"menu_order":0,"comment_status":"closed","ping_status":"closed","template":"","meta":{"_kad_post_transparent":"","_kad_post_title":"hide","_kad_post_layout":"fullwidth","_kad_post_sidebar_id":"","_kad_post_content_style":"unboxed","_kad_post_vertical_padding":"hide","_kad_post_feature":"hide","_kad_post_feature_position":"","_kad_post_header":false,"_kad_post_footer":false,"footnotes":""},"class_list":["post-897","page","type-page","status-publish","hentry"],"yoast_head":"<!-- This site is optimized with the Yoast SEO plugin v17.5 - https:\/\/yoast.com\/wordpress\/plugins\/seo\/ -->\n<title>Emploi du temps - Un Temps Pour Soi<\/title>\n<meta name=\"robots\" content=\"index, follow, max-snippet:-1, max-image-preview:large, max-video-preview:-1\" \/>\n<link rel=\"canonical\" href=\"https:\/\/yogart-untempspoursoi.com\/index.php\/emploi-du-temps-3\/\" \/>\n<meta property=\"og:locale\" content=\"fr_FR\" \/>\n<meta property=\"og:type\" content=\"article\" \/>\n<meta property=\"og:title\" content=\"Emploi du temps - Un Temps Pour Soi\" \/>\n<meta property=\"og:description\" content=\"Emploi du temps Retour sur ce qu&rsquo;est la M\u00e9thode P\u00e9rin\u00e9e et Mouvement. 1er cycle de 10 s\u00e9ances 1h en groupe hors vacances scolaires les jeudis de 18h15 \u00e0 19h30 \u00e0 partir du 29 septembre 2022. 2\u00e8me cycle de 10 s\u00e9ances 1h en groupe hors vacances scolaires les mercredis de 19h45 \u00e0 21h \u00e0 partir du...\" \/>\n<meta property=\"og:url\" content=\"https:\/\/yogart-untempspoursoi.com\/index.php\/emploi-du-temps-3\/\" \/>\n<meta property=\"og:site_name\" content=\"Un Temps Pour Soi\" \/>\n<meta property=\"article:modified_time\" content=\"2022-09-05T22:02:12+00:00\" \/>\n<meta name=\"twitter:card\" content=\"summary_large_image\" \/>\n<meta name=\"twitter:label1\" content=\"Dur\u00e9e de lecture est.\" \/>\n\t<meta name=\"twitter:data1\" content=\"1 minute\" \/>\n<script type=\"application\/ld+json\" class=\"yoast-schema-graph\">{\"@context\":\"https:\/\/schema.org\",\"@graph\":[{\"@type\":\"Organization\",\"@id\":\"https:\/\/yogart-untempspoursoi.com\/#organization\",\"name\":\"Un Temps Pour Soi - Yog'Art\",\"url\":\"https:\/\/yogart-untempspoursoi.com\/\",\"sameAs\":[],\"logo\":{\"@type\":\"ImageObject\",\"@id\":\"https:\/\/yogart-untempspoursoi.com\/#logo\",\"inLanguage\":\"fr-FR\",\"url\":\"https:\/\/yogart-untempspoursoi.com\/wp-content\/uploads\/2021\/09\/Logo-Un-temps-pour-soi-trans.jpg\",\"contentUrl\":\"https:\/\/yogart-untempspoursoi.com\/wp-content\/uploads\/2021\/09\/Logo-Un-temps-pour-soi-trans.jpg\",\"width\":1107,\"height\":1389,\"caption\":\"Un Temps Pour Soi - Yog'Art\"},\"image\":{\"@id\":\"https:\/\/yogart-untempspoursoi.com\/#logo\"}},{\"@type\":\"WebSite\",\"@id\":\"https:\/\/yogart-untempspoursoi.com\/#website\",\"url\":\"https:\/\/yogart-untempspoursoi.com\/\",\"name\":\"Un Temps Pour Soi\",\"description\":\"\",\"publisher\":{\"@id\":\"https:\/\/yogart-untempspoursoi.com\/#organization\"},\"potentialAction\":[{\"@type\":\"SearchAction\",\"target\":{\"@type\":\"EntryPoint\",\"urlTemplate\":\"https:\/\/yogart-untempspoursoi.com\/?s={search_term_string}\"},\"query-input\":\"required name=search_term_string\"}],\"inLanguage\":\"fr-FR\"},{\"@type\":\"WebPage\",\"@id\":\"https:\/\/yogart-untempspoursoi.com\/index.php\/emploi-du-temps-3\/#webpage\",\"url\":\"https:\/\/yogart-untempspoursoi.com\/index.php\/emploi-du-temps-3\/\",\"name\":\"Emploi du temps - Un Temps Pour Soi\",\"isPartOf\":{\"@id\":\"https:\/\/yogart-untempspoursoi.com\/#website\"},\"datePublished\":\"2021-08-18T18:45:39+00:00\",\"dateModified\":\"2022-09-05T22:02:12+00:00\",\"breadcrumb\":{\"@id\":\"https:\/\/yogart-untempspoursoi.com\/index.php\/emploi-du-temps-3\/#breadcrumb\"},\"inLanguage\":\"fr-FR\",\"potentialAction\":[{\"@type\":\"ReadAction\",\"target\":[\"https:\/\/yogart-untempspoursoi.com\/index.php\/emploi-du-temps-3\/\"]}]},{\"@type\":\"BreadcrumbList\",\"@id\":\"https:\/\/yogart-untempspoursoi.com\/index.php\/emploi-du-temps-3\/#breadcrumb\",\"itemListElement\":[{\"@type\":\"ListItem\",\"position\":1,\"name\":\"Accueil\",\"item\":\"https:\/\/yogart-untempspoursoi.com\/\"},{\"@type\":\"ListItem\",\"position\":2,\"name\":\"Emploi du temps\"}]}]}<\/script>\n<!-- \/ Yoast SEO plugin. -->","yoast_head_json":{"title":"Emploi du temps - Un Temps Pour Soi","robots":{"index":"index","follow":"follow","max-snippet":"max-snippet:-1","max-image-preview":"max-image-preview:large","max-video-preview":"max-video-preview:-1"},"canonical":"https:\/\/yogart-untempspoursoi.com\/index.php\/emploi-du-temps-3\/","og_locale":"fr_FR","og_type":"article","og_title":"Emploi du temps - Un Temps Pour Soi","og_description":"Emploi du temps Retour sur ce qu&rsquo;est la M\u00e9thode P\u00e9rin\u00e9e et Mouvement. 1er cycle de 10 s\u00e9ances 1h en groupe hors vacances scolaires les jeudis de 18h15 \u00e0 19h30 \u00e0 partir du 29 septembre 2022. 2\u00e8me cycle de 10 s\u00e9ances 1h en groupe hors vacances scolaires les mercredis de 19h45 \u00e0 21h \u00e0 partir du...","og_url":"https:\/\/yogart-untempspoursoi.com\/index.php\/emploi-du-temps-3\/","og_site_name":"Un Temps Pour Soi","article_modified_time":"2022-09-05T22:02:12+00:00","twitter_card":"summary_large_image","twitter_misc":{"Dur\u00e9e de lecture est.":"1 minute"},"schema":{"@context":"https:\/\/schema.org","@graph":[{"@type":"Organization","@id":"https:\/\/yogart-untempspoursoi.com\/#organization","name":"Un Temps Pour Soi - Yog'Art","url":"https:\/\/yogart-untempspoursoi.com\/","sameAs":[],"logo":{"@type":"ImageObject","@id":"https:\/\/yogart-untempspoursoi.com\/#logo","inLanguage":"fr-FR","url":"https:\/\/yogart-untempspoursoi.com\/wp-content\/uploads\/2021\/09\/Logo-Un-temps-pour-soi-trans.jpg","contentUrl":"https:\/\/yogart-untempspoursoi.com\/wp-content\/uploads\/2021\/09\/Logo-Un-temps-pour-soi-trans.jpg","width":1107,"height":1389,"caption":"Un Temps Pour Soi - Yog'Art"},"image":{"@id":"https:\/\/yogart-untempspoursoi.com\/#logo"}},{"@type":"WebSite","@id":"https:\/\/yogart-untempspoursoi.com\/#website","url":"https:\/\/yogart-untempspoursoi.com\/","name":"Un Temps Pour Soi","description":"","publisher":{"@id":"https:\/\/yogart-untempspoursoi.com\/#organization"},"potentialAction":[{"@type":"SearchAction","target":{"@type":"EntryPoint","urlTemplate":"https:\/\/yogart-untempspoursoi.com\/?s={search_term_string}"},"query-input":"required name=search_term_string"}],"inLanguage":"fr-FR"},{"@type":"WebPage","@id":"https:\/\/yogart-untempspoursoi.com\/index.php\/emploi-du-temps-3\/#webpage","url":"https:\/\/yogart-untempspoursoi.com\/index.php\/emploi-du-temps-3\/","name":"Emploi du temps - Un Temps Pour Soi","isPartOf":{"@id":"https:\/\/yogart-untempspoursoi.com\/#website"},"datePublished":"2021-08-18T18:45:39+00:00","dateModified":"2022-09-05T22:02:12+00:00","breadcrumb":{"@id":"https:\/\/yogart-untempspoursoi.com\/index.php\/emploi-du-temps-3\/#breadcrumb"},"inLanguage":"fr-FR","potentialAction":[{"@type":"ReadAction","target":["https:\/\/yogart-untempspoursoi.com\/index.php\/emploi-du-temps-3\/"]}]},{"@type":"BreadcrumbList","@id":"https:\/\/yogart-untempspoursoi.com\/index.php\/emploi-du-temps-3\/#breadcrumb","itemListElement":[{"@type":"ListItem","position":1,"name":"Accueil","item":"https:\/\/yogart-untempspoursoi.com\/"},{"@type":"ListItem","position":2,"name":"Emploi du temps"}]}]}},"_links":{"self":[{"href":"https:\/\/yogart-untempspoursoi.com\/index.php\/wp-json\/wp\/v2\/pages\/897"}],"collection":[{"href":"https:\/\/yogart-untempspoursoi.com\/index.php\/wp-json\/wp\/v2\/pages"}],"about":[{"href":"https:\/\/yogart-untempspoursoi.com\/index.php\/wp-json\/wp\/v2\/types\/page"}],"author":[{"embeddable":true,"href":"https:\/\/yogart-untempspoursoi.com\/index.php\/wp-json\/wp\/v2\/users\/3"}],"replies":[{"embeddable":true,"href":"https:\/\/yogart-untempspoursoi.com\/index.php\/wp-json\/wp\/v2\/comments?post=897"}],"version-history":[{"count":91,"href":"https:\/\/yogart-untempspoursoi.com\/index.php\/wp-json\/wp\/v2\/pages\/897\/revisions"}],"predecessor-version":[{"id":2283,"href":"https:\/\/yogart-untempspoursoi.com\/index.php\/wp-json\/wp\/v2\/pages\/897\/revisions\/2283"}],"wp:attachment":[{"href":"https:\/\/yogart-untempspoursoi.com\/index.php\/wp-json\/wp\/v2\/media?parent=897"}],"curies":[{"name":"wp","href":"https:\/\/api.w.org\/{rel}","templated":true}]}}